{"id":2389,"date":"2026-02-20T14:00:31","date_gmt":"2026-02-20T13:00:31","guid":{"rendered":"https:\/\/cap-polonio.hhguide.de\/?page_id=2389"},"modified":"2026-02-20T14:36:48","modified_gmt":"2026-02-20T13:36:48","slug":"karriere","status":"publish","type":"page","link":"https:\/\/cap-polonio.de\/en\/karriere\/","title":{"rendered":"Career at Hotel Cap Polonio"},"content":{"rendered":"<div class=\"wpb-content-wrapper\"><p>[vc_row full_width=&#8221;stretch_row_content_no_spaces&#8221; bg_type=&#8221;image&#8221; parallax_style=&#8221;vcpb-vz-jquery&#8221; bg_image_new=&#8221;id^3972|url^https:\/\/cap-polonio.de\/wp-content\/uploads\/2025\/07\/HCP_WALD-Koeche_en.jpg|caption^The head chef of Restaurant Rolin, Marc Ostermann, sits smiling cheerfully in his chef&#8217;s jacket with his colleague at an outdoor table set with a bottle of wine, two glasses filled with red wine, cheese, grapes and baguette. A forest can be seen in the background.|alt^The head chef of Restaurant Rolin, Marc Ostermann, sits smiling cheerfully in his chef&#8217;s jacket with his colleague at an outdoor table set with a bottle of wine, two glasses filled with red wine, cheese, grapes and baguette. A forest can be seen in the background.|title^The head chef of Restaurant Rolin, Marc Ostermann, sits smiling cheerfully in his chef&#8217;s jacket with his colleague at an outdoor table set with a bottle of wine, two glasses filled with red wine, cheese, grapes and baguette. A forest can be seen in the background.|description^The head chef of Restaurant Rolin, Marc Ostermann, sits smiling cheerfully in his chef&#8217;s jacket with his colleague at an outdoor table set with a bottle of wine, two glasses filled with red wine, cheese, grapes and baguette. A forest can be seen in the background.&#8221; bg_image_repeat=&#8221;no-repeat&#8221; parallax_sense=&#8221;60&#8243; bg_override=&#8221;full&#8221; disable_on_mobile_img_parallax=&#8221;disable_on_mobile_img_parallax_value&#8221; enable_overlay=&#8221;enable_overlay_value&#8221; overlay_color=&#8221;rgba(0,0,0,0.5)&#8221;][vc_column css_animation=&#8221;fadeIn&#8221; css=&#8221;.vc_custom_1593625322067{padding-top: 13% !important;padding-bottom: 11% !important;background-position: center !important;background-repeat: no-repeat !important;background-size: contain !important;}&#8221;]<div id=\"ultimate-heading-943069e001dd6d93e\" class=\"uvc-heading ult-adjust-bottom-margin ultimate-heading-943069e001dd6d93e uvc-3691 \" data-hspacer=\"no_spacer\"  data-halign=\"center\" style=\"text-align:center\"><div class=\"uvc-heading-spacer no_spacer\" style=\"top\"><\/div><div class=\"uvc-main-heading ult-responsive\"  data-ultimate-target='.uvc-heading.ultimate-heading-943069e001dd6d93e h1'  data-responsive-json-new='{\"font-size\":\"desktop:70px;tablet:60px;tablet_portrait:40px;mobile_landscape:30px;\",\"line-height\":\"desktop:78px;tablet:68px;tablet_portrait:44px;mobile_landscape:34px;\"}' ><h1 style=\"--font-weight:theme;color:#ffffff;margin-bottom:5px;\">Career at Hotel Cap Polonio<\/h1><\/div><div class=\"uvc-sub-heading ult-responsive\"  data-ultimate-target='.uvc-heading.ultimate-heading-943069e001dd6d93e .uvc-sub-heading '  data-responsive-json-new='{\"font-size\":\"desktop:26px;tablet:22px;tablet_portrait:18px;mobile_landscape:16px;\",\"line-height\":\"desktop:36px;tablet:32px;tablet_portrait:28px;mobile_landscape:26px;\"}'  style=\"font-weight:normal;color:#ffffff;\"><\/p>\r\n<p>Welcome aboard, we look forward to seeing you!<\/p>\r\n<p><\/div><\/div>[\/vc_column][\/vc_row][vc_row full_height=&#8221;yes&#8221; equal_height=&#8221;yes&#8221; content_placement=&#8221;middle&#8221; bg_type=&#8221;bg_color&#8221; bg_override=&#8221;full&#8221; bg_color_value=&#8221;#f6f6f6&#8243;][vc_column][vc_row_inner][vc_column_inner][vc_column_text]<\/p>\r\n<p>The team of the Hotel Cap Polonio with parts of the original furnishings of the Hamburg three-screw luxury fast steamer CAP POLONIO is looking forward to welcoming you.<\/p>\r\n<p>We are a privately run 3-star superior hotel with 53 modern rooms, the Rolin restaurant with its convincing German, regional and international cuisine, Deck 48 &#8211; a bar with a lounge atmosphere, function rooms and the historic ballroom where up to 350 people can celebrate or hold meetings.<\/p>\r\n<p>[\/vc_column_text][\/vc_column_inner][\/vc_row_inner][\/vc_column][\/vc_row][vc_row css=&#8221;.vc_custom_1602614004775{padding-top: 50px !important;}&#8221;][vc_column][vc_column_text]<em><div class=\"job_listings\" data-location=\"\" data-keywords=\"\" data-show_filters=\"true\" data-show_pagination=\"false\" data-per_page=\"10\" data-orderby=\"featured\" data-order=\"DESC\" data-categories=\"\" data-disable-form-state-storage=\"\" data-featured_first=\"false\" data-post_id=\"2389\" >\n<form class=\"job_filters\">\n\t\n\t<div class=\"search_jobs\">\n\t\t\n\t\t<div class=\"search_keywords\">\n\t\t\t<label for=\"search_keywords\">Keywords<\/label>\n\t\t\t<input type=\"text\" name=\"search_keywords\" id=\"search_keywords\" placeholder=\"Keywords\" value=\"\" \/>\n\t\t<\/div>\n\n\t\t<div class=\"search_location\">\n\t\t\t<label for=\"search_location\">Location<\/label>\n\t\t\t<input type=\"text\" name=\"search_location\" id=\"search_location\" placeholder=\"Location\" value=\"\" \/>\n\t\t<\/div>\n\n\t\t\t\t\t<div class=\"search_remote_position\">\n\t\t\t\t<input type=\"checkbox\" class=\"input-checkbox\" name=\"remote_position\" id=\"remote_position\" placeholder=\"Location\" value=\"1\"  \/>\n\t\t\t\t<label for=\"remote_position\" id=\"remote_position_label\">Remote positions only<\/label>\n\t\t\t<\/div>\n\t\t\n\t\t<div style=\"clear: both\"><\/div>\n\n\t\t\n\t\t\t\t\t<div class=\"search_submit\">\n\t\t\t\t<input type=\"submit\" value=\"Search Jobs\">\n\t\t\t<\/div>\n\t\t\n\t\t\t<\/div>\n\n\t\t<ul class=\"job_types\">\n\t\t\t\t\t<li><label for=\"job_type_ausbildung\" class=\"ausbildung\"><input type=\"checkbox\" name=\"filter_job_type[]\" value=\"ausbildung\"  checked='checked' id=\"job_type_ausbildung\" \/> Ausbildung<\/label><\/li>\n\t\t\t\t\t<li><label for=\"job_type_commis-de-cuisine\" class=\"commis-de-cuisine\"><input type=\"checkbox\" name=\"filter_job_type[]\" value=\"commis-de-cuisine\"  checked='checked' id=\"job_type_commis-de-cuisine\" \/> Commis de Cuisine<\/label><\/li>\n\t\t\t\t\t<li><label for=\"job_type_demi-chef-de-partie\" class=\"demi-chef-de-partie\"><input type=\"checkbox\" name=\"filter_job_type[]\" value=\"demi-chef-de-partie\"  checked='checked' id=\"job_type_demi-chef-de-partie\" \/> Demi Chef de Partie<\/label><\/li>\n\t\t\t\t\t<li><label for=\"job_type_hotelfach\" class=\"hotelfach\"><input type=\"checkbox\" name=\"filter_job_type[]\" value=\"hotelfach\"  checked='checked' id=\"job_type_hotelfach\" \/> Hotelfach<\/label><\/li>\n\t\t\t\t\t<li><label for=\"job_type_koch\" class=\"koch\"><input type=\"checkbox\" name=\"filter_job_type[]\" value=\"koch\"  checked='checked' id=\"job_type_koch\" \/> Koch<\/label><\/li>\n\t\t\t\t\t<li><label for=\"job_type_restaurantfach\" class=\"restaurantfach\"><input type=\"checkbox\" name=\"filter_job_type[]\" value=\"restaurantfach\"  checked='checked' id=\"job_type_restaurantfach\" \/> Restaurantfach<\/label><\/li>\n\t\t\t\t\t<li><label for=\"job_type_service\" class=\"service\"><input type=\"checkbox\" name=\"filter_job_type[]\" value=\"service\"  checked='checked' id=\"job_type_service\" \/> Service<\/label><\/li>\n\t\t\t<\/ul>\n\t<input type=\"hidden\" name=\"filter_job_type[]\" value=\"\" \/>\n<div class=\"showing_jobs\"><\/div><\/form>\n\n\n<noscript>Your browser does not support JavaScript, or it is disabled. JavaScript must be enabled in order to view listings.<\/noscript>\n<ul class=\"job_listings\">\n<\/ul>\n<a class=\"load_more_jobs\" href=\"#\" style=\"display:none;\"><strong>Load more listings<\/strong><\/a><\/div>\u00a0<\/em><\/p>\r\n<p>[\/vc_column_text][\/vc_column][\/vc_row]<\/p><\/div>","protected":false},"excerpt":{"rendered":"<p>[vc_row full_width=&#8221;stretch_row_content_no_spaces&#8221; bg_type=&#8221;image&#8221; parallax_style=&#8221;vcpb-vz-jquery&#8221; bg_image_new=&#8221;id^3972|url^https:\/\/cap-polonio.de\/wp-content\/uploads\/2025\/07\/HCP_WALD-Koeche_en.jpg|caption^The head chef of Restaurant Rolin, Marc Ostermann, sits smiling cheerfully in his chef&#8217;s jacket with his colleague at an outdoor table set with a bottle of wine, two glasses filled with red wine, cheese, grapes and baguette. A forest can be seen in the background.|alt^The head chef of Restaurant Rolin,&hellip;<\/p>\n","protected":false},"author":1,"featured_media":0,"parent":0,"menu_order":0,"comment_status":"closed","ping_status":"closed","template":"","meta":{"footnotes":""},"class_list":["post-2389","page","type-page","status-publish","hentry","description-off"],"translation":{"provider":"WPGlobus","version":"3.0.2","language":"en","enabled_languages":["de","en"],"languages":{"de":{"title":true,"content":true,"excerpt":false},"en":{"title":true,"content":true,"excerpt":false}}},"yoast_head":"<!-- This site is optimized with the Yoast SEO plugin v27.4 - https:\/\/yoast.com\/product\/yoast-seo-wordpress\/ -->\n<title>Career at Hotel Cap Polonio - Team Hotel Cap Polonio Karriere<\/title>\n<meta name=\"description\" content=\"The team of the Hotel Cap Polonio with parts of the original furnishings of the Hamburg three-screw luxury fast steamer CAP POLONIO is looking forward to welcoming you. We are a privately run 3-star superior hotel with 53 modern rooms, the Rolin restaurant with its convincing German, regional and international cuisine, Deck 48 - a bar with a lounge atmosphere, function rooms and the historic ballroom where up to 350 people can celebrate or hold meetings.\" \/>\n<meta name=\"robots\" content=\"index, follow, max-snippet:-1, max-image-preview:large, max-video-preview:-1\" \/>\n<link rel=\"canonical\" href=\"https:\/\/cap-polonio.de\/karriere\/\" \/>\n<meta property=\"og:locale\" content=\"en_US\" \/>\n<meta property=\"og:type\" content=\"article\" \/>\n<meta property=\"og:title\" content=\"Career at Hotel Cap Polonio - Hotel Cap Polonio\" \/>\n<meta property=\"og:description\" content=\"The team of the Hotel Cap Polonio with parts of the original furnishings of the Hamburg three-screw luxury fast steamer CAP POLONIO is looking forward to welcoming you. We are a privately run 3-star superior hotel with 53 modern rooms, the Rolin restaurant with its convincing German, regional and international cuisine, Deck 48 - a bar with a lounge atmosphere, function rooms and the historic ballroom where up to 350 people can celebrate or hold meetings.\" \/>\n<meta property=\"og:url\" content=\"https:\/\/cap-polonio.de\/karriere\/\" \/>\n<meta property=\"og:site_name\" content=\"Hotel Cap Polonio\" \/>\n<meta property=\"article:modified_time\" content=\"2026-02-20T13:36:48+00:00\" \/>\n<meta name=\"twitter:card\" content=\"summary_large_image\" \/>\n<meta name=\"twitter:label1\" content=\"Est. reading time\" \/>\n\t<meta name=\"twitter:data1\" content=\"1 minute\" \/>\n<script type=\"application\/ld+json\" class=\"yoast-schema-graph\">{\"@context\":\"https:\\\/\\\/schema.org\",\"@graph\":[{\"@type\":\"WebPage\",\"@id\":\"https:\\\/\\\/cap-polonio.de\\\/karriere\\\/\",\"url\":\"https:\\\/\\\/cap-polonio.de\\\/karriere\\\/\",\"name\":\"Career at Hotel Cap Polonio - Team Hotel Cap Polonio Karriere\",\"isPartOf\":{\"@id\":\"https:\\\/\\\/cap-polonio.de\\\/#website\"},\"datePublished\":\"2026-02-20T13:00:31+00:00\",\"dateModified\":\"2026-02-20T13:36:48+00:00\",\"description\":\"Das Team des Hotel Cap Polonio mit Teilen der Originaleinrichtung des Hamburger Dreischrauben-Luxus-Schnelldampfers CAP POLONIO freut sich auf Sie. Wir sind ein privat gef\u00fchrtes 3 Sterne Superior Hotel mit 53 modernen Zimmern, dem Restaurant Rolin welches mit deutscher, regionaler und internationaler K\u00fcche \u00fcberzeugt, dem Deck 48 \u2013 eine Bar mit Lounge-Atmosph\u00e4re, Veranstaltungsr\u00e4umen und dem historischen Ballsaal in dem bis zu 350 Personen feiern oder tagen k\u00f6nnen.\",\"breadcrumb\":{\"@id\":\"https:\\\/\\\/cap-polonio.de\\\/karriere\\\/#breadcrumb\"},\"inLanguage\":\"en-US\",\"potentialAction\":[{\"@type\":\"ReadAction\",\"target\":[\"https:\\\/\\\/cap-polonio.de\\\/karriere\\\/\"]}]},{\"@type\":\"BreadcrumbList\",\"@id\":\"https:\\\/\\\/cap-polonio.de\\\/karriere\\\/#breadcrumb\",\"itemListElement\":[{\"@type\":\"ListItem\",\"position\":1,\"name\":\"Startseite\",\"item\":\"https:\\\/\\\/cap-polonio.de\\\/\"},{\"@type\":\"ListItem\",\"position\":2,\"name\":\"Karriere bei Hotel Cap Polonio\"}]},{\"@type\":\"WebSite\",\"@id\":\"https:\\\/\\\/cap-polonio.de\\\/#website\",\"url\":\"https:\\\/\\\/cap-polonio.de\\\/\",\"name\":\"Hotel Cap Polonio\",\"description\":\"Maritime Vergangenheit und Gegenwart treffen aufeinander\",\"potentialAction\":[{\"@type\":\"SearchAction\",\"target\":{\"@type\":\"EntryPoint\",\"urlTemplate\":\"https:\\\/\\\/cap-polonio.de\\\/?s={search_term_string}\"},\"query-input\":{\"@type\":\"PropertyValueSpecification\",\"valueRequired\":true,\"valueName\":\"search_term_string\"}}],\"inLanguage\":\"en-US\"}]}<\/script>\n<!-- \/ Yoast SEO plugin. -->","yoast_head_json":{"title":"Career at Hotel Cap Polonio - Team Hotel Cap Polonio Karriere","description":"The team of the Hotel Cap Polonio with parts of the original furnishings of the Hamburg three-screw luxury fast steamer CAP POLONIO is looking forward to welcoming you. We are a privately run 3-star superior hotel with 53 modern rooms, the Rolin restaurant with its convincing German, regional and international cuisine, Deck 48 - a bar with a lounge atmosphere, function rooms and the historic ballroom where up to 350 people can celebrate or hold meetings.","robots":{"index":"index","follow":"follow","max-snippet":"max-snippet:-1","max-image-preview":"max-image-preview:large","max-video-preview":"max-video-preview:-1"},"canonical":"https:\/\/cap-polonio.de\/karriere\/","og_locale":"en_US","og_type":"article","og_title":"Career at Hotel Cap Polonio - Hotel Cap Polonio","og_description":"The team of the Hotel Cap Polonio with parts of the original furnishings of the Hamburg three-screw luxury fast steamer CAP POLONIO is looking forward to welcoming you. We are a privately run 3-star superior hotel with 53 modern rooms, the Rolin restaurant with its convincing German, regional and international cuisine, Deck 48 - a bar with a lounge atmosphere, function rooms and the historic ballroom where up to 350 people can celebrate or hold meetings.","og_url":"https:\/\/cap-polonio.de\/karriere\/","og_site_name":"Hotel Cap Polonio","article_modified_time":"2026-02-20T13:36:48+00:00","twitter_card":"summary_large_image","twitter_misc":{"Est. reading time":"1 minute"},"schema":{"@context":"https:\/\/schema.org","@graph":[{"@type":"WebPage","@id":"https:\/\/cap-polonio.de\/karriere\/","url":"https:\/\/cap-polonio.de\/karriere\/","name":"Career at Hotel Cap Polonio - Team Hotel Cap Polonio Karriere","isPartOf":{"@id":"https:\/\/cap-polonio.de\/#website"},"datePublished":"2026-02-20T13:00:31+00:00","dateModified":"2026-02-20T13:36:48+00:00","description":"Das Team des Hotel Cap Polonio mit Teilen der Originaleinrichtung des Hamburger Dreischrauben-Luxus-Schnelldampfers CAP POLONIO freut sich auf Sie. Wir sind ein privat gef\u00fchrtes 3 Sterne Superior Hotel mit 53 modernen Zimmern, dem Restaurant Rolin welches mit deutscher, regionaler und internationaler K\u00fcche \u00fcberzeugt, dem Deck 48 \u2013 eine Bar mit Lounge-Atmosph\u00e4re, Veranstaltungsr\u00e4umen und dem historischen Ballsaal in dem bis zu 350 Personen feiern oder tagen k\u00f6nnen.","breadcrumb":{"@id":"https:\/\/cap-polonio.de\/karriere\/#breadcrumb"},"inLanguage":"en-US","potentialAction":[{"@type":"ReadAction","target":["https:\/\/cap-polonio.de\/karriere\/"]}]},{"@type":"BreadcrumbList","@id":"https:\/\/cap-polonio.de\/karriere\/#breadcrumb","itemListElement":[{"@type":"ListItem","position":1,"name":"Startseite","item":"https:\/\/cap-polonio.de\/"},{"@type":"ListItem","position":2,"name":"Karriere bei Hotel Cap Polonio"}]},{"@type":"WebSite","@id":"https:\/\/cap-polonio.de\/#website","url":"https:\/\/cap-polonio.de\/","name":"Hotel Cap Polonio","description":"Maritime Vergangenheit und Gegenwart treffen aufeinander","potentialAction":[{"@type":"SearchAction","target":{"@type":"EntryPoint","urlTemplate":"https:\/\/cap-polonio.de\/?s={search_term_string}"},"query-input":{"@type":"PropertyValueSpecification","valueRequired":true,"valueName":"search_term_string"}}],"inLanguage":"en-US"}]}},"_links":{"self":[{"href":"https:\/\/cap-polonio.de\/en\/wp-json\/wp\/v2\/pages\/2389","targetHints":{"allow":["GET"]}}],"collection":[{"href":"https:\/\/cap-polonio.de\/en\/wp-json\/wp\/v2\/pages"}],"about":[{"href":"https:\/\/cap-polonio.de\/en\/wp-json\/wp\/v2\/types\/page"}],"author":[{"embeddable":true,"href":"https:\/\/cap-polonio.de\/en\/wp-json\/wp\/v2\/users\/1"}],"replies":[{"embeddable":true,"href":"https:\/\/cap-polonio.de\/en\/wp-json\/wp\/v2\/comments?post=2389"}],"version-history":[{"count":12,"href":"https:\/\/cap-polonio.de\/en\/wp-json\/wp\/v2\/pages\/2389\/revisions"}],"predecessor-version":[{"id":3975,"href":"https:\/\/cap-polonio.de\/en\/wp-json\/wp\/v2\/pages\/2389\/revisions\/3975"}],"wp:attachment":[{"href":"https:\/\/cap-polonio.de\/en\/wp-json\/wp\/v2\/media?parent=2389"}],"curies":[{"name":"wp","href":"https:\/\/api.w.org\/{rel}","templated":true}]}}